{"id":5490,"date":"2021-12-01T02:20:52","date_gmt":"2021-11-30T23:20:52","guid":{"rendered":"https:\/\/mibsmarine.com\/ship-suppy\/"},"modified":"2025-11-07T11:53:44","modified_gmt":"2025-11-07T08:53:44","slug":"ship-suppy","status":"publish","type":"page","link":"https:\/\/mibsmarine.com\/ru\/ship-suppy\/","title":{"rendered":"\u041f\u041e\u0421\u0422\u0410\u0412\u041a\u0418 \u0414\u041b\u042f \u0421\u0423\u0414\u041e\u0412"},"content":{"rendered":"\t\t<div data-elementor-type=\"wp-page\" data-elementor-id=\"5490\" class=\"elementor elementor-5490 elementor-752\">\n\t\t\t\t\t\t<section class=\"elementor-section elementor-top-section elementor-element elementor-element-5c21dc4 elementor-section-boxed elementor-section-height-default elementor-section-height-default\" data-id=\"5c21dc4\" data-element_type=\"section\" data-settings=\"{&quot;background_background&quot;:&quot;classic&quot;}\">\n\t\t\t\t\t\t<div class=\"elementor-container elementor-column-gap-no\">\n\t\t\t\t\t<div class=\"elementor-column elementor-col-100 elementor-top-column elementor-element elementor-element-e5f9b14\" data-id=\"e5f9b14\" data-element_type=\"column\">\n\t\t\t<div class=\"elementor-widget-wrap elementor-element-populated\">\n\t\t\t\t\t\t<div class=\"elementor-element elementor-element-670474c elementor-widget elementor-widget-ova_archive_sev\" data-id=\"670474c\" data-element_type=\"widget\" data-widget_type=\"ova_archive_sev.default\">\n\t\t\t\t<div class=\"elementor-widget-container\">\n\t\t\t\n\n<div class=\"archive_sev\">\n\t\t\t\n\t<div class=\"content three_column\">\n\n\t\t\n\t\t\t\n\t\t\t<div class=\"item-service\">\n\n\t\t\t\t<div class=\"img\">\n\t\t\t\t\t\n\t\t\t\t\t<!-- Avata -->\n\t\t\t\t    <a href=\"https:\/\/mibsmarine.com\/ru\/ova_sev\/anchor-chain\/\" >\n\t\t\t\t    \t\n\t\t\t\t    \t<img decoding=\"async\" src=\"http:\/\/mibsmarine.com\/wp-content\/uploads\/2024\/12\/Anchor-Chain-Thumb.jpg\" class=\"img-responsive service-img\" alt=\"\u042f\u041a\u041e\u0420\u042c \u0418 \u0426\u0415\u041f\u042c\">\n\t\t\t\t\t\t<div class=\"mask\"><\/div>\n\t\t\t\t\t<\/a>\n\n\t\t\t\t<\/div>\n\n\t\t\t\t<!-- Info -->\n\t\t\t\t<div class=\"info\">\n\t\t\t\t\t\n\t\t\t\t\t<h2 class=\"name\">\n\t\t\t\t\t\t<a href=\"https:\/\/mibsmarine.com\/ru\/ova_sev\/anchor-chain\/\" >\n\t\t\t\t\t\t\t\u042f\u041a\u041e\u0420\u042c \u0418 \u0426\u0415\u041f\u042c\t\t\t\t\t\t<\/a>\n\t\t\t\t\t<\/h2>\n\n\t\t\t\t<\/div>\n\n\t\t\t\t                \t<div class=\"service-icon\">\n                    \t<i class=\"ovaicon ovaicon-plus\"><\/i>\n                    <\/div>\n                \t\t\t\t\n\t\t\t<\/div>\n\n\t\t\t\n\n\t\t\n\t\t\t\n\t\t\t<div class=\"item-service\">\n\n\t\t\t\t<div class=\"img\">\n\t\t\t\t\t\n\t\t\t\t\t<!-- Avata -->\n\t\t\t\t    <a href=\"https:\/\/mibsmarine.com\/ru\/ova_sev\/packing-sealings\/\" >\n\t\t\t\t    \t\n\t\t\t\t    \t<img decoding=\"async\" src=\"http:\/\/mibsmarine.com\/wp-content\/uploads\/2021\/12\/Packing-Sealings-Thumb.jpg\" class=\"img-responsive service-img\" alt=\"\u0423\u041f\u0410\u041a\u041e\u0412\u041a\u0410 \u0418 \u0423\u041f\u041b\u041e\u0422\u041d\u0415\u041d\u0418\u042f\">\n\t\t\t\t\t\t<div class=\"mask\"><\/div>\n\t\t\t\t\t<\/a>\n\n\t\t\t\t<\/div>\n\n\t\t\t\t<!-- Info -->\n\t\t\t\t<div class=\"info\">\n\t\t\t\t\t\n\t\t\t\t\t<h2 class=\"name\">\n\t\t\t\t\t\t<a href=\"https:\/\/mibsmarine.com\/ru\/ova_sev\/packing-sealings\/\" >\n\t\t\t\t\t\t\t\u0423\u041f\u0410\u041a\u041e\u0412\u041a\u0410 \u0418 \u0423\u041f\u041b\u041e\u0422\u041d\u0415\u041d\u0418\u042f\t\t\t\t\t\t<\/a>\n\t\t\t\t\t<\/h2>\n\n\t\t\t\t<\/div>\n\n\t\t\t\t                \t<div class=\"service-icon\">\n                    \t<i class=\"ovaicon ovaicon-plus\"><\/i>\n                    <\/div>\n                \t\t\t\t\n\t\t\t<\/div>\n\n\t\t\t\n\n\t\t\n\t\t\t\n\t\t\t<div class=\"item-service\">\n\n\t\t\t\t<div class=\"img\">\n\t\t\t\t\t\n\t\t\t\t\t<!-- Avata -->\n\t\t\t\t    <a href=\"https:\/\/mibsmarine.com\/ru\/ova_sev\/mooring-lines-riggings\/\" >\n\t\t\t\t    \t\n\t\t\t\t    \t<img decoding=\"async\" src=\"http:\/\/mibsmarine.com\/wp-content\/uploads\/2021\/12\/Mooring-Lines-Riggings-Thumb.jpg\" class=\"img-responsive service-img\" alt=\"\u0428\u0412\u0410\u0420\u0422\u041e\u0412\u041d\u042b\u0415 \u041a\u0410\u041d\u0410\u0422\u042b \u0418 \u041e\u0421\u041d\u0410\u0421\u0422\u041a\u0410\">\n\t\t\t\t\t\t<div class=\"mask\"><\/div>\n\t\t\t\t\t<\/a>\n\n\t\t\t\t<\/div>\n\n\t\t\t\t<!-- Info -->\n\t\t\t\t<div class=\"info\">\n\t\t\t\t\t\n\t\t\t\t\t<h2 class=\"name\">\n\t\t\t\t\t\t<a href=\"https:\/\/mibsmarine.com\/ru\/ova_sev\/mooring-lines-riggings\/\" >\n\t\t\t\t\t\t\t\u0428\u0412\u0410\u0420\u0422\u041e\u0412\u041d\u042b\u0415 \u041a\u0410\u041d\u0410\u0422\u042b \u0418 \u041e\u0421\u041d\u0410\u0421\u0422\u041a\u0410\t\t\t\t\t\t<\/a>\n\t\t\t\t\t<\/h2>\n\n\t\t\t\t<\/div>\n\n\t\t\t\t                \t<div class=\"service-icon\">\n                    \t<i class=\"ovaicon ovaicon-plus\"><\/i>\n                    <\/div>\n                \t\t\t\t\n\t\t\t<\/div>\n\n\t\t\t\n\n\t\t\n\t\t\t\n\t\t\t<div class=\"item-service\">\n\n\t\t\t\t<div class=\"img\">\n\t\t\t\t\t\n\t\t\t\t\t<!-- Avata -->\n\t\t\t\t    <a href=\"https:\/\/mibsmarine.com\/ru\/ova_sev\/marine-power-instrument-cables\/\" >\n\t\t\t\t    \t\n\t\t\t\t    \t<img decoding=\"async\" src=\"http:\/\/mibsmarine.com\/wp-content\/uploads\/2021\/12\/Marine-Power-Instrument-Cables-Thumb.jpg\" class=\"img-responsive service-img\" alt=\"\u041c\u041e\u0420\u0421\u041a\u0418\u0415 \u0421\u0418\u041b\u041e\u0412\u042b\u0415 \u0418 \u0418\u041d\u0421\u0422\u0420\u0423\u041c\u0415\u041d\u0422\u0410\u041b\u042c\u041d\u042b\u0415 \u041a\u0410\u0411\u0415\u041b\u0418\">\n\t\t\t\t\t\t<div class=\"mask\"><\/div>\n\t\t\t\t\t<\/a>\n\n\t\t\t\t<\/div>\n\n\t\t\t\t<!-- Info -->\n\t\t\t\t<div class=\"info\">\n\t\t\t\t\t\n\t\t\t\t\t<h2 class=\"name\">\n\t\t\t\t\t\t<a href=\"https:\/\/mibsmarine.com\/ru\/ova_sev\/marine-power-instrument-cables\/\" >\n\t\t\t\t\t\t\t\u041c\u041e\u0420\u0421\u041a\u0418\u0415 \u0421\u0418\u041b\u041e\u0412\u042b\u0415 \u0418 \u0418\u041d\u0421\u0422\u0420\u0423\u041c\u0415\u041d\u0422\u0410\u041b\u042c\u041d\u042b\u0415 \u041a\u0410\u0411\u0415\u041b\u0418\t\t\t\t\t\t<\/a>\n\t\t\t\t\t<\/h2>\n\n\t\t\t\t<\/div>\n\n\t\t\t\t                \t<div class=\"service-icon\">\n                    \t<i class=\"ovaicon ovaicon-plus\"><\/i>\n                    <\/div>\n                \t\t\t\t\n\t\t\t<\/div>\n\n\t\t\t\n\n\t\t\n\t\t\t\n\t\t\t<div class=\"item-service\">\n\n\t\t\t\t<div class=\"img\">\n\t\t\t\t\t\n\t\t\t\t\t<!-- Avata -->\n\t\t\t\t    <a href=\"https:\/\/mibsmarine.com\/ru\/ova_sev\/marine-valves\/\" >\n\t\t\t\t    \t\n\t\t\t\t    \t<img decoding=\"async\" src=\"http:\/\/mibsmarine.com\/wp-content\/uploads\/2021\/12\/Marine-Valves-thumbs.jpg\" class=\"img-responsive service-img\" alt=\"\u041c\u041e\u0420\u0421\u041a\u0418\u0415 \u041a\u041b\u0410\u041f\u0410\u041d\u042b\">\n\t\t\t\t\t\t<div class=\"mask\"><\/div>\n\t\t\t\t\t<\/a>\n\n\t\t\t\t<\/div>\n\n\t\t\t\t<!-- Info -->\n\t\t\t\t<div class=\"info\">\n\t\t\t\t\t\n\t\t\t\t\t<h2 class=\"name\">\n\t\t\t\t\t\t<a href=\"https:\/\/mibsmarine.com\/ru\/ova_sev\/marine-valves\/\" >\n\t\t\t\t\t\t\t\u041c\u041e\u0420\u0421\u041a\u0418\u0415 \u041a\u041b\u0410\u041f\u0410\u041d\u042b\t\t\t\t\t\t<\/a>\n\t\t\t\t\t<\/h2>\n\n\t\t\t\t<\/div>\n\n\t\t\t\t                \t<div class=\"service-icon\">\n                    \t<i class=\"ovaicon ovaicon-plus\"><\/i>\n                    <\/div>\n                \t\t\t\t\n\t\t\t<\/div>\n\n\t\t\t\n\n\t\t\n\t\t\t\n\t\t\t<div class=\"item-service\">\n\n\t\t\t\t<div class=\"img\">\n\t\t\t\t\t\n\t\t\t\t\t<!-- Avata -->\n\t\t\t\t    <a href=\"https:\/\/mibsmarine.com\/ru\/ova_sev\/catering-bonded-stores\/\" >\n\t\t\t\t    \t\n\t\t\t\t    \t<img decoding=\"async\" src=\"http:\/\/mibsmarine.com\/wp-content\/uploads\/2021\/12\/Catering-Bonded-Stores-thumb.jpg\" class=\"img-responsive service-img\" alt=\"\u041a\u0415\u0419\u0422\u0415\u0420\u0418\u041d\u0413 \u0418 \u0411\u0415\u0421\u041f\u041e\u0428\u041b\u0418\u041d\u041d\u042b\u0415 \u041c\u0410\u0413\u0410\u0417\u0418\u041d\u042b\">\n\t\t\t\t\t\t<div class=\"mask\"><\/div>\n\t\t\t\t\t<\/a>\n\n\t\t\t\t<\/div>\n\n\t\t\t\t<!-- Info -->\n\t\t\t\t<div class=\"info\">\n\t\t\t\t\t\n\t\t\t\t\t<h2 class=\"name\">\n\t\t\t\t\t\t<a href=\"https:\/\/mibsmarine.com\/ru\/ova_sev\/catering-bonded-stores\/\" >\n\t\t\t\t\t\t\t\u041a\u0415\u0419\u0422\u0415\u0420\u0418\u041d\u0413 \u0418 \u0411\u0415\u0421\u041f\u041e\u0428\u041b\u0418\u041d\u041d\u042b\u0415 \u041c\u0410\u0413\u0410\u0417\u0418\u041d\u042b\t\t\t\t\t\t<\/a>\n\t\t\t\t\t<\/h2>\n\n\t\t\t\t<\/div>\n\n\t\t\t\t                \t<div class=\"service-icon\">\n                    \t<i class=\"ovaicon ovaicon-plus\"><\/i>\n                    <\/div>\n                \t\t\t\t\n\t\t\t<\/div>\n\n\t\t\t\n\n\t\t\n\t\t\t\n\t\t\t<div class=\"item-service\">\n\n\t\t\t\t<div class=\"img\">\n\t\t\t\t\t\n\t\t\t\t\t<!-- Avata -->\n\t\t\t\t    <a href=\"https:\/\/mibsmarine.com\/ru\/ova_sev\/general-stores\/\" >\n\t\t\t\t    \t\n\t\t\t\t    \t<img decoding=\"async\" src=\"http:\/\/mibsmarine.com\/wp-content\/uploads\/2021\/12\/general-stores-thumb.jpg\" class=\"img-responsive service-img\" alt=\"\u041c\u0410\u0413\u0410\u0417\u0418\u041d\u042b \u0428\u0418\u0420\u041e\u041a\u041e\u0413\u041e \u0410\u0421\u0421\u041e\u0420\u0422\u0418\u041c\u0415\u041d\u0422\u0410\">\n\t\t\t\t\t\t<div class=\"mask\"><\/div>\n\t\t\t\t\t<\/a>\n\n\t\t\t\t<\/div>\n\n\t\t\t\t<!-- Info -->\n\t\t\t\t<div class=\"info\">\n\t\t\t\t\t\n\t\t\t\t\t<h2 class=\"name\">\n\t\t\t\t\t\t<a href=\"https:\/\/mibsmarine.com\/ru\/ova_sev\/general-stores\/\" >\n\t\t\t\t\t\t\t\u041c\u0410\u0413\u0410\u0417\u0418\u041d\u042b \u0428\u0418\u0420\u041e\u041a\u041e\u0413\u041e \u0410\u0421\u0421\u041e\u0420\u0422\u0418\u041c\u0415\u041d\u0422\u0410\t\t\t\t\t\t<\/a>\n\t\t\t\t\t<\/h2>\n\n\t\t\t\t<\/div>\n\n\t\t\t\t                \t<div class=\"service-icon\">\n                    \t<i class=\"ovaicon ovaicon-plus\"><\/i>\n                    <\/div>\n                \t\t\t\t\n\t\t\t<\/div>\n\n\t\t\t\n\n\t\t\t<\/div>\n\n<\/div>\n\n\t\t<\/div>\n\t\t\t\t<\/div>\n\t\t\t\t\t<\/div>\n\t\t<\/div>\n\t\t\t\t\t<\/div>\n\t\t<\/section>\n\t\t\t\t<section class=\"elementor-section elementor-top-section elementor-element elementor-element-20e6d5b elementor-section-boxed elementor-section-height-default elementor-section-height-default\" data-id=\"20e6d5b\" data-element_type=\"section\">\n\t\t\t\t\t\t<div class=\"elementor-container elementor-column-gap-default\">\n\t\t\t\t\t<div class=\"elementor-column elementor-col-50 elementor-top-column elementor-element elementor-element-7acccf4\" data-id=\"7acccf4\" data-element_type=\"column\">\n\t\t\t<div class=\"elementor-widget-wrap elementor-element-populated\">\n\t\t\t\t\t\t<div class=\"elementor-element elementor-element-9e8c058 elementor-widget elementor-widget-transflash_elementor_heading\" data-id=\"9e8c058\" data-element_type=\"widget\" data-widget_type=\"transflash_elementor_heading.default\">\n\t\t\t\t<div class=\"elementor-widget-container\">\n\t\t\t\n\t\t    <div class=\"ova-heading\">\n\t\t \t   <h2 class=\"title\">\t\t\t\t\t\t\t\t\t\t\t\u0421\u0432\u044f\u0436\u0438\u0442\u0435\u0441\u044c \u0441 \u043d\u0430\u043c\u0438\t\t\t\t\t\t\t\t\t<\/h2>\n\t\t\t\t\t\t\t\t\t<p class=\"description\">\n\t\t\t\t\t\t\t\u0421\u0432\u044f\u0436\u0438\u0442\u0435\u0441\u044c \u0441 \u043d\u0430\u043c\u0438 \u043d\u0430\u043f\u0440\u044f\u043c\u0443\u044e, \u043f\u043e \u0442\u0435\u043b\u0435\u0444\u043e\u043d\u0443 \u0438\u043b\u0438 \u0437\u0430\u043f\u043e\u043b\u043d\u0438\u0442\u0435 \u0444\u043e\u0440\u043c\u0443, \u0447\u0442\u043e\u0431\u044b \u043f\u043e\u043b\u0443\u0447\u0438\u0442\u044c \u0431\u0435\u0441\u043f\u043b\u0430\u0442\u043d\u0443\u044e \u043a\u043e\u043d\u0441\u0443\u043b\u044c\u0442\u0430\u0446\u0438\u044e \u043e\u0442 \u043d\u0430\u0448\u0438\u0445 \u0443\u0432\u043b\u0435\u0447\u0435\u043d\u043d\u044b\u0445 \u0441\u043e\u0442\u0440\u0443\u0434\u043d\u0438\u043a\u043e\u0432.\t\t\t\t\t<\/p>\n\t\t\t\t\t\t    <\/div>\n\n         \t\t<\/div>\n\t\t\t\t<\/div>\n\t\t\t\t<div class=\"elementor-element elementor-element-ae61829 elementor-widget elementor-widget-transflash_elementor_contact_info\" data-id=\"ae61829\" data-element_type=\"widget\" data-widget_type=\"transflash_elementor_contact_info.default\">\n\t\t\t\t<div class=\"elementor-widget-container\">\n\t\t\t\t\t\t<div class=\"ova-contact-info \">\n\t\t\t\t\n\t\t\t\t\t\t\t\t\t<div class=\"icon\">\n\t\t\t\t\t\t<i aria-hidden=\"true\" class=\"iconly iconly-Calling icli\"><\/i>\t\t\t\t\t<\/div>\t\n\t\t\t\t\t\t\t\t\n\n\t\t\t\t<div class=\"contact\">\n\t\t\t\t\t\n\t\t\t\t\t\t\t\t\t\t\t<div class=\"label\">\n\t\t\t\t\t\t\t\u041d\u043e\u043c\u0435\u0440 \u0442\u0435\u043b\u0435\u0444\u043e\u043d\u0430\t\t\t\t\t\t<\/div>\n\t\t\t\t\t\n\t\t\t\t\t\t\t\t\t\t\t<ul class=\"info\">\n\t\t\t\t\t\t\t\n\t\t\t\t\t\t\t\t\t<li class=\"item\">\n\n\t\t\t\t\t\t\t\t\t\t\t\t\t\t\t\t\t\t\t\t\t\t\t<a href=\"tel:+902127068350 \">\n\t\t\t\t\t\t\t\t\t\t\t\t\t\t+90 (212) 706 8350\t\t\t\t\t\t\t\t\t\t\t\t\t<\/a>\n\t\t\t\t\t\t\t\t\t\t\t\t\t\t\t\t\t\t\t\t\t<\/li>\n\t\t\t\t\t\t\t\t\n\t\t\t\t\t\t\t\t\t\t\t\t\t<\/ul>\n\t\t\t\t\t\n\t\t\t\t<\/div>\n\n\t\t\t<\/div>\n\n\t\t\t\t<\/div>\n\t\t\t\t<\/div>\n\t\t\t\t<div class=\"elementor-element elementor-element-a6ff372 elementor-widget elementor-widget-transflash_elementor_contact_info\" data-id=\"a6ff372\" data-element_type=\"widget\" data-widget_type=\"transflash_elementor_contact_info.default\">\n\t\t\t\t<div class=\"elementor-widget-container\">\n\t\t\t\t\t\t<div class=\"ova-contact-info \">\n\t\t\t\t\n\t\t\t\t\t\t\t\t\t<div class=\"icon\">\n\t\t\t\t\t\t<i aria-hidden=\"true\" class=\"iconly iconly-Message icli\"><\/i>\t\t\t\t\t<\/div>\t\n\t\t\t\t\t\t\t\t\n\n\t\t\t\t<div class=\"contact\">\n\t\t\t\t\t\n\t\t\t\t\t\t\t\t\t\t\t<div class=\"label\">\n\t\t\t\t\t\t\t\u042d\u043b\u0435\u043a\u0442\u0440\u043e\u043d\u043d\u0430\u044f \u043f\u043e\u0447\u0442\u0430\t\t\t\t\t\t<\/div>\n\t\t\t\t\t\n\t\t\t\t\t\t\t\t\t\t\t<ul class=\"info\">\n\t\t\t\t\t\t\t\n\t\t\t\t\t\t\t\t\t<li class=\"item\">\n\n\t\t\t\t\t\t\t\t\t\t\t\t\t\t\t\t\t\t\t\t\t\t\t<a href=\"mailto:info@mibsmarine.com \">\n\t\t\t\t\t\t\t\t\t\t\t\t\t\tinfo@mibsmarine.com\t\t\t\t\t\t\t\t\t\t\t\t\t<\/a>\n\t\t\t\t\t\t\t\t\t\t\t\t\t\t\t\t\t\t\t\t\t<\/li>\n\t\t\t\t\t\t\t\t\n\t\t\t\t\t\t\t\t\t\t\t\t\t<\/ul>\n\t\t\t\t\t\n\t\t\t\t<\/div>\n\n\t\t\t<\/div>\n\n\t\t\t\t<\/div>\n\t\t\t\t<\/div>\n\t\t\t\t<div class=\"elementor-element elementor-element-5d3fb2a elementor-widget elementor-widget-transflash_elementor_contact_info\" data-id=\"5d3fb2a\" data-element_type=\"widget\" data-widget_type=\"transflash_elementor_contact_info.default\">\n\t\t\t\t<div class=\"elementor-widget-container\">\n\t\t\t\t\t\t<div class=\"ova-contact-info \">\n\t\t\t\t\n\t\t\t\t\t\t\t\t\t<div class=\"icon\">\n\t\t\t\t\t\t<i aria-hidden=\"true\" class=\"iconly iconly-Location icli\"><\/i>\t\t\t\t\t<\/div>\t\n\t\t\t\t\t\t\t\t\n\n\t\t\t\t<div class=\"contact\">\n\t\t\t\t\t\n\t\t\t\t\t\t\t\t\t\t\t<div class=\"label\">\n\t\t\t\t\t\t\t\u0410\u0434\u0440\u0435\u0441\t\t\t\t\t\t<\/div>\n\t\t\t\t\t\n\t\t\t\t\t\t\t\t\t\t\t<ul class=\"info\">\n\t\t\t\t\t\t\t\n\t\t\t\t\t\t\t\t\t<li class=\"item\">\n\n\t\t\t\t\t\t\t\t\t\t<a href=\"https:\/\/www.google.com\/maps\/place\/Kemanke%C5%9F+Karamustafa+Pa%C5%9Fa,+Frans%C4%B1z+G%C3%A7+Soka%C4%9F%C4%B1+No:1,+34425+Beyo%C4%9Flu%2F%C4%B0stanbul\/@41.0246802,28.9786573,204m\/data=!3m2!1e3!4b1!4m6!3m5!1s0x14cab9dc524d27eb:0x481c18c9f2f0b929!8m2!3d41.0246802!4d28.979301!16s%2Fg%2F11rxr05n88?entry=ttu&#038;g_ep=EgoyMDI1MTEwNC4xIKXMDSoASAFQAw%3D%3D\">Kemanke\u015f Karamustafapa\u015fa Mah. Frans\u0131z Ge\u00e7idi Sok. B Blok No: 1 \u0130\u00e7 Kap\u0131 No:49, 34425, Beyo\u011flu-\u0130stanbul-T\u00fcrkiye<\/a>\t\t\t\t\t\t\t\t\t<\/li>\n\t\t\t\t\t\t\t\t\n\t\t\t\t\t\t\t\t\t\t\t\t\t<\/ul>\n\t\t\t\t\t\n\t\t\t\t<\/div>\n\n\t\t\t<\/div>\n\n\t\t\t\t<\/div>\n\t\t\t\t<\/div>\n\t\t\t\t\t<\/div>\n\t\t<\/div>\n\t\t\t\t<div class=\"elementor-column elementor-col-50 elementor-top-column elementor-element elementor-element-6f11b92\" data-id=\"6f11b92\" data-element_type=\"column\">\n\t\t\t<div class=\"elementor-widget-wrap elementor-element-populated\">\n\t\t\t\t\t\t<div class=\"elementor-element elementor-element-340d440 elementor-widget elementor-widget-shortcode\" data-id=\"340d440\" data-element_type=\"widget\" data-widget_type=\"shortcode.default\">\n\t\t\t\t<div class=\"elementor-widget-container\">\n\t\t\t\t\t<div class=\"elementor-shortcode\">\n<div class=\"wpcf7 no-js\" id=\"wpcf7-f5497-o1\" lang=\"en-US\" dir=\"ltr\" data-wpcf7-id=\"5497\">\n<div class=\"screen-reader-response\"><p role=\"status\" aria-live=\"polite\" aria-atomic=\"true\"><\/p> <ul><\/ul><\/div>\n<form action=\"\/ru\/wp-json\/wp\/v2\/pages\/5490#wpcf7-f5497-o1\" method=\"post\" class=\"wpcf7-form init\" aria-label=\"Contact form\" novalidate=\"novalidate\" data-status=\"init\">\n<div style=\"display: none;\">\n<input type=\"hidden\" name=\"_wpcf7\" value=\"5497\" \/>\n<input type=\"hidden\" name=\"_wpcf7_version\" value=\"6.0.3\" \/>\n<input type=\"hidden\" name=\"_wpcf7_locale\" value=\"en_US\" \/>\n<input type=\"hidden\" name=\"_wpcf7_unit_tag\" value=\"wpcf7-f5497-o1\" \/>\n<input type=\"hidden\" name=\"_wpcf7_container_post\" value=\"0\" \/>\n<input type=\"hidden\" name=\"_wpcf7_posted_data_hash\" value=\"\" \/>\n<\/div>\n<div class=\"ova-ctfrom7\">\n\t<div class=\"form-contact-us\">\n\t\t<div class=\"contact-heading\">\n\t\t\t<p><i class=\"flaticon-send\"><\/i><span>\u041e\u0442\u043f\u0440\u0430\u0432\u044c\u0442\u0435 \u043d\u0430\u043c \u0441\u043e\u043e\u0431\u0449\u0435\u043d\u0438\u0435<\/span>\n\t\t\t<\/p>\n\t\t<\/div>\n\t\t<div class=\"name-info ova_wrap_input\">\n\t\t\t<p><span class=\"wpcf7-form-control-wrap\" data-name=\"fullname\"><input size=\"40\" maxlength=\"400\" class=\"wpcf7-form-control wpcf7-text wpcf7-validates-as-required\" aria-required=\"true\" aria-invalid=\"false\" placeholder=\"\u041f\u043e\u043b\u043d\u043e\u0435 \u0438\u043c\u044f\" value=\"\" type=\"text\" name=\"fullname\" \/><\/span>\n\t\t\t<\/p>\n\t\t<\/div>\n\t\t<div class=\"phone ova_wrap_input\">\n\t\t\t<p><span class=\"wpcf7-form-control-wrap\" data-name=\"your-phone\"><input size=\"40\" maxlength=\"400\" class=\"wpcf7-form-control wpcf7-tel wpcf7-validates-as-required wpcf7-text wpcf7-validates-as-tel\" aria-required=\"true\" aria-invalid=\"false\" placeholder=\"\u041d\u043e\u043c\u0435\u0440 \u0442\u0435\u043b\u0435\u0444\u043e\u043d\u0430\" value=\"\" type=\"tel\" name=\"your-phone\" \/><\/span>\n\t\t\t<\/p>\n\t\t<\/div>\n\t\t<div class=\"email ova_wrap_input\">\n\t\t\t<p><span class=\"wpcf7-form-control-wrap\" data-name=\"your-email\"><input size=\"40\" maxlength=\"400\" class=\"wpcf7-form-control wpcf7-email wpcf7-validates-as-required wpcf7-text wpcf7-validates-as-email\" aria-required=\"true\" aria-invalid=\"false\" placeholder=\"\u0410\u0434\u0440\u0435\u0441 \u044d\u043b\u0435\u043a\u0442\u0440\u043e\u043d\u043d\u043e\u0439 \u043f\u043e\u0447\u0442\u044b\" value=\"\" type=\"email\" name=\"your-email\" \/><\/span>\n\t\t\t<\/p>\n\t\t<\/div>\n\t\t<div class=\"message ova_wrap_input\">\n\t\t\t<p><span class=\"wpcf7-form-control-wrap\" data-name=\"write-message\"><textarea cols=\"40\" rows=\"10\" maxlength=\"2000\" class=\"wpcf7-form-control wpcf7-textarea wpcf7-validates-as-required\" aria-required=\"true\" aria-invalid=\"false\" placeholder=\"\u0421\u043e\u043e\u0431\u0449\u0435\u043d\u0438\u0435\" name=\"write-message\"><\/textarea><\/span>\n\t\t\t<\/p>\n\t\t<\/div>\n\t\t<div class=\"ova-submit\">\n\t\t\t<p><i class=\"flaticon-send-message\"><\/i><input class=\"wpcf7-form-control wpcf7-submit has-spinner\" type=\"submit\" value=\"\u041e\u0442\u043f\u0440\u0430\u0432\u0438\u0442\u044c \u0441\u043e\u043e\u0431\u0449\u0435\u043d\u0438\u0435\" \/>\n\t\t\t<\/p>\n\t\t<\/div>\n\t<\/div>\n<\/div><div class=\"wpcf7-response-output\" aria-hidden=\"true\"><\/div>\n<\/form>\n<\/div>\n<\/div>\n\t\t\t\t<\/div>\n\t\t\t\t<\/div>\n\t\t\t\t\t<\/div>\n\t\t<\/div>\n\t\t\t\t\t<\/div>\n\t\t<\/section>\n\t\t\t\t<\/div>\n\t\t","protected":false},"excerpt":{"rendered":"<p>Anchor &#038; Chain General Stores Catering &#038; Bonded Stores Marine Valves Marine Power &#038; Instrument Cables Mooring Lines &#038; Riggings Packing &#038; Sealings \u0421\u0432\u044f\u0436\u0438\u0442\u0435\u0441\u044c \u0441 \u043d\u0430\u043c\u0438 \u0421\u0432\u044f\u0436\u0438\u0442\u0435\u0441\u044c \u0441 \u043d\u0430\u043c\u0438 \u043d\u0430\u043f\u0440\u044f\u043c\u0443\u044e, \u043f\u043e \u0442\u0435\u043b\u0435\u0444\u043e\u043d\u0443 \u0438\u043b\u0438 \u0437\u0430\u043f\u043e\u043b\u043d\u0438\u0442\u0435 \u0444\u043e\u0440\u043c\u0443, \u0447\u0442\u043e\u0431\u044b \u043f\u043e\u043b\u0443\u0447\u0438\u0442\u044c \u0431\u0435\u0441\u043f\u043b\u0430\u0442\u043d\u0443\u044e \u043a\u043e\u043d\u0441\u0443\u043b\u044c\u0442\u0430\u0446\u0438\u044e \u043e\u0442 \u043d\u0430\u0448\u0438\u0445 \u0443\u0432\u043b\u0435\u0447\u0435\u043d\u043d\u044b\u0445 \u0441\u043e\u0442\u0440\u0443\u0434\u043d\u0438\u043a\u043e\u0432. \u041d\u043e\u043c\u0435\u0440 \u0442\u0435\u043b\u0435\u0444\u043e\u043d\u0430 +90 (212) 706 8350 \u042d\u043b\u0435\u043a\u0442\u0440\u043e\u043d\u043d\u0430\u044f \u043f\u043e\u0447\u0442\u0430 info@mibsmarine.com \u0410\u0434\u0440\u0435\u0441 Kemanke\u015f Karamustafapa\u015fa [&hellip;]<\/p>\n","protected":false},"author":1,"featured_media":5421,"parent":0,"menu_order":0,"comment_status":"closed","ping_status":"closed","template":"elementor_header_footer","meta":{"_monsterinsights_skip_tracking":false,"_monsterinsights_sitenote_active":false,"_monsterinsights_sitenote_note":"","_monsterinsights_sitenote_category":0,"footnotes":""},"class_list":["post-5490","page","type-page","status-publish","has-post-thumbnail","hentry"],"aioseo_notices":[],"_links":{"self":[{"href":"https:\/\/mibsmarine.com\/ru\/wp-json\/wp\/v2\/pages\/5490","targetHints":{"allow":["GET"]}}],"collection":[{"href":"https:\/\/mibsmarine.com\/ru\/wp-json\/wp\/v2\/pages"}],"about":[{"href":"https:\/\/mibsmarine.com\/ru\/wp-json\/wp\/v2\/types\/page"}],"author":[{"embeddable":true,"href":"https:\/\/mibsmarine.com\/ru\/wp-json\/wp\/v2\/users\/1"}],"replies":[{"embeddable":true,"href":"https:\/\/mibsmarine.com\/ru\/wp-json\/wp\/v2\/comments?post=5490"}],"version-history":[{"count":10,"href":"https:\/\/mibsmarine.com\/ru\/wp-json\/wp\/v2\/pages\/5490\/revisions"}],"predecessor-version":[{"id":5732,"href":"https:\/\/mibsmarine.com\/ru\/wp-json\/wp\/v2\/pages\/5490\/revisions\/5732"}],"wp:featuredmedia":[{"embeddable":true,"href":"https:\/\/mibsmarine.com\/ru\/wp-json\/wp\/v2\/media\/5421"}],"wp:attachment":[{"href":"https:\/\/mibsmarine.com\/ru\/wp-json\/wp\/v2\/media?parent=5490"}],"curies":[{"name":"wp","href":"https:\/\/api.w.org\/{rel}","templated":true}]}}